{"id":474,"date":"2017-11-02T16:48:42","date_gmt":"2017-11-02T16:48:42","guid":{"rendered":"http:\/\/www.antoinegourdon.com\/?page_id=474"},"modified":"2018-01-14T17:39:54","modified_gmt":"2018-01-14T17:39:54","slug":"music-samples","status":"publish","type":"page","link":"https:\/\/www.antoinegourdon.com\/fr_FR\/music-samples\/","title":{"rendered":"\u00e9chantillons de musique"},"content":{"rendered":"<p><iframe loading=\"lazy\" src=\"https:\/\/www.youtube.com\/embed\/yJkpKCvdLAw?rel=0\" width=\"560\" height=\"315\" frameborder=\"0\" allowfullscreen=\"allowfullscreen\"><\/iframe><\/p>\n<p>Yue Yu, 19 ans, originaire de Chine, interpr\u00e9tera la Viola Sonata n \u00b0 1 en ut mineur de York Bowen en demi-finale de la comp\u00e9tition internationale de violon Cecil Aronowitz 2017, \u00e0 Birmingham | Enregistr\u00e9 avec le pianiste Anthony Hewitt.<\/p>\n<div>Aussi ci-dessous sont cette page a une vari\u00e9t\u00e9 de fichiers audio afin que vous puissiez \u00e9couter mes instruments.\u00a0Merci \u00e0\u00a0Yue Yu, Viola\u00a0\u00a0Jeffery Armstrong, Violin and\u00a0Arthur\u00a0Bocaneanu, Piano.<\/div>\n<p>Arthur B, Jeffery A, YY- Reger Piano Trio 2nd mvt<\/p>\n<audio class=\"wp-audio-shortcode\" id=\"audio-474-1\" preload=\"none\" style=\"width: 100%;\" controls=\"controls\"><source type=\"audio\/mpeg\" src=\"http:\/\/www.antoinegourdon.com\/wp-content\/uploads\/2017\/11\/Arthur-B-Jeffery-A-YY-Reger-Piano-Trio-2nd-mvt.mp3?_=1\" \/><a href=\"http:\/\/www.antoinegourdon.com\/wp-content\/uploads\/2017\/11\/Arthur-B-Jeffery-A-YY-Reger-Piano-Trio-2nd-mvt.mp3\">http:\/\/www.antoinegourdon.com\/wp-content\/uploads\/2017\/11\/Arthur-B-Jeffery-A-YY-Reger-Piano-Trio-2nd-mvt.mp3<\/a><\/audio>\n<p>Arthur B, Jeffery A, YY- Reger Piano Trio mvt.3 extract<\/p>\n<audio class=\"wp-audio-shortcode\" id=\"audio-474-2\" preload=\"none\" style=\"width: 100%;\" controls=\"controls\"><source type=\"audio\/mpeg\" src=\"http:\/\/www.antoinegourdon.com\/wp-content\/uploads\/2017\/11\/Arthur-B-Jeffery-A-YY-Reger-Piano-Trio-mvt.3-extract.mp3?_=2\" \/><a href=\"http:\/\/www.antoinegourdon.com\/wp-content\/uploads\/2017\/11\/Arthur-B-Jeffery-A-YY-Reger-Piano-Trio-mvt.3-extract.mp3\">http:\/\/www.antoinegourdon.com\/wp-content\/uploads\/2017\/11\/Arthur-B-Jeffery-A-YY-Reger-Piano-Trio-mvt.3-extract.mp3<\/a><\/audio>\n<p>Beethoven duet for viola and cello featuring violist Yue Yu<\/p>\n<audio class=\"wp-audio-shortcode\" id=\"audio-474-3\" preload=\"none\" style=\"width: 100%;\" controls=\"controls\"><source type=\"audio\/mpeg\" src=\"http:\/\/www.antoinegourdon.com\/wp-content\/uploads\/2017\/11\/Beethoven-Duet-_Augenglasern_-1_MP3.mp3?_=3\" \/><a href=\"http:\/\/www.antoinegourdon.com\/wp-content\/uploads\/2017\/11\/Beethoven-Duet-_Augenglasern_-1_MP3.mp3\">http:\/\/www.antoinegourdon.com\/wp-content\/uploads\/2017\/11\/Beethoven-Duet-_Augenglasern_-1_MP3.mp3<\/a><\/audio>\n<p>\u00a0<\/p>\n","protected":false},"excerpt":{"rendered":"<p><iframe loading=\"lazy\" src=\"https:\/\/www.youtube.com\/embed\/yJkpKCvdLAw?rel=0\" width=\"560\" height=\"315\" frameborder=\"0\" allowfullscreen=\"allowfullscreen\"><\/iframe><\/p>\n<p>Yue Yu, 19 ans, originaire de Chine, interpr\u00e9tera la Viola Sonata n \u00b0 1 en ut mineur de York B&#8230;<\/p>\n","protected":false},"author":1,"featured_media":0,"parent":0,"menu_order":0,"comment_status":"closed","ping_status":"closed","template":"","meta":{"footnotes":""},"class_list":["post-474","page","type-page","status-publish","hentry"],"_links":{"self":[{"href":"https:\/\/www.antoinegourdon.com\/fr_FR\/wp-json\/wp\/v2\/pages\/474","targetHints":{"allow":["GET"]}}],"collection":[{"href":"https:\/\/www.antoinegourdon.com\/fr_FR\/wp-json\/wp\/v2\/pages"}],"about":[{"href":"https:\/\/www.antoinegourdon.com\/fr_FR\/wp-json\/wp\/v2\/types\/page"}],"author":[{"embeddable":true,"href":"https:\/\/www.antoinegourdon.com\/fr_FR\/wp-json\/wp\/v2\/users\/1"}],"replies":[{"embeddable":true,"href":"https:\/\/www.antoinegourdon.com\/fr_FR\/wp-json\/wp\/v2\/comments?post=474"}],"version-history":[{"count":16,"href":"https:\/\/www.antoinegourdon.com\/fr_FR\/wp-json\/wp\/v2\/pages\/474\/revisions"}],"predecessor-version":[{"id":510,"href":"https:\/\/www.antoinegourdon.com\/fr_FR\/wp-json\/wp\/v2\/pages\/474\/revisions\/510"}],"wp:attachment":[{"href":"https:\/\/www.antoinegourdon.com\/fr_FR\/wp-json\/wp\/v2\/media?parent=474"}],"curies":[{"name":"wp","href":"https:\/\/api.w.org\/{rel}","templated":true}]}}