{"id":272,"date":"2015-03-09T10:03:21","date_gmt":"2015-03-09T10:03:21","guid":{"rendered":"http:\/\/www.antoinegourdon.com\/?page_id=272"},"modified":"2018-06-09T19:35:37","modified_gmt":"2018-06-09T18:35:37","slug":"news-and-updates","status":"publish","type":"page","link":"https:\/\/www.antoinegourdon.com\/fr_FR\/news-and-updates\/","title":{"rendered":"News and Updates"},"content":{"rendered":"<h2 style=\"text-align: center;\">Nouvelles et mises \u00e0 jour pour Antoine Gourdon<\/h2>\n<p>\u00a0<\/p>\n<h3 style=\"text-align: center;\"><span style=\"color: #ff9900;\">Pour 2019!&#8230;<\/span><\/h3>\n<div style=\"text-align: center;\">\n<div><strong><span style=\"color: #ff9900;\">11-14 April 2019<\/span><\/strong><\/div>\n<div><strong>Viola&#8217;s 2019<\/strong><br \/><a href=\"http:\/\/www.conservatoiredeparis.fr\/accueil\/\">Conservatoire National Superieur de Musique de Paris. Concours international de fabrication d&#8217;alto<\/a><br \/>Diriger une \u00e9quipe pour la r\u00e9alisation d&#8217;un petit alto pendant l&#8217;\u00e9v\u00e9nement.<\/div>\n<div>\u00a0<\/div>\n<div>\n<hr \/>\n<\/div>\n<div>\n<h3 style=\"text-align: center;\"><span style=\"color: #ff9900;\">2018<\/span><\/h3>\n<\/div>\n<div><strong><span style=\"color: #ff9900;\">December 2018<\/span><\/strong><\/div>\n<div><strong>Violoncellenseine<\/strong> 2018. date \u00e0 confirmer.<a href=\"https:\/\/www.glaaf.fr\/biennale-violoncellenseine-2-au-4-decembre\/\">\u00a0Concours international de fabrication de violoncelle<\/a><\/div>\n<div>\u00a0<\/div>\n<\/div>\n<div style=\"text-align: center;\"><strong><span style=\"color: #ff9900;\">7 September- 14 October 2018<\/span><\/strong><\/div>\n<div style=\"text-align: center;\"><a href=\"http:\/\/www.museodelviolino.org\/en\/concorso-triennale-2018\/\"> XV Concours\u00a0international de lutherie Antonio Stradivari<\/a>. Cremone<\/div>\n<div>\u00a0<\/div>\n<div style=\"text-align: center;\">\n<div><span style=\"color: #ff9900;\"><strong>4 F\u00e9vrier 2018<br \/><\/strong><\/span><a href=\"http:\/\/www.bvma.org.uk\/events.html\" target=\"_blank\" rel=\"noopener\"><strong>Violin Maker&#8217;s Day<\/strong><\/a>, Exposition, Kings Place, Londres N1 9AG<\/div>\n<\/div>\n<hr \/>\n<h3 style=\"text-align: center;\">Derniers \u00e9v\u00e9nements pour 2017<\/h3>\n<p style=\"text-align: center;\">Prochain rendez-vous \u00e0 Birmingham:<br \/><a href=\"http:\/\/bcu.ac.uk\/conservatoire\/events-calendar\/cecil-aronowitz-viola-competition\" target=\"_blank\" rel=\"noopener\"><strong>Concours international d&#8217;alto Cecil Aronowitz et festival<\/strong><\/a> 18-24 Novembre 2017<\/p>\n<p>\u00a0<\/p>\n<p><strong>28 Mai 2017 <a href=\"http:\/\/www.bcu.ac.uk\/conservatoire\/events-calendar\/concert-diary\/a-celebration-for-gwyn\" target=\"_blank\" rel=\"noopener\">\u00a0Une c\u00e9l\u00e9bration pour Gwyn<\/a><\/strong><\/p>\n<p>Yue Yu jouant Bruch Romance pour alto et orchestre, op.85, Birmingham Town Hall<\/p>\n<p><strong>12 Mars 2017<\/strong>.\u00a0Exposition de la f\u00eate du violon, Kings place, Londres<\/p>\n<p>Alto choisie par le Quatuor Brodsky pour le concert de l&#8217;\u00e9v\u00e9nement.<br \/><strong><a href=\"http:\/\/www.brodskyquartet.co.uk\/\" target=\"_blank\" rel=\"noopener\">http:\/\/www.brodskyquartet.co.uk\/<\/a> \u00a0<a href=\"https:\/\/www.kingsplace.co.uk\/\" target=\"_blank\" rel=\"noopener\">https:\/\/www.kingsplace.co.uk\/<\/a><\/strong><\/p>\n<hr \/>\n<h3 style=\"text-align: center;\">Derniers \u00e9v\u00e9nements pour 2016<\/h3>\n<p><strong>30 August 2016<\/strong> <strong><a href=\"http:\/\/www.makeviolins.com\/\">Lecture given in Cambridge at The Violin Workshop <\/a><\/strong> 15 \u00bd Viola, <span id=\"result_box\" class=\"short_text\" lang=\"fr\"><span class=\"\">un voyage \u00e0 travers<\/span> <span class=\"\">son contour<\/span><\/span><\/p>\n<p><strong> 8 \u2013 15 Mai 2016<\/strong> <strong><a href=\"http:\/\/www.wieniawski-competition.com\/konkurs-lutniczy\/en\/\">13 International Henryk Wieniawski Violin Making Competition<\/a><\/strong> <span id=\"result_box\" class=\"\" lang=\"fr\">Exposition des violons pr\u00e9sent\u00e9s pour la 13e Making Concours international Henryk Wieniawski <span class=\"\">Violin<\/span><\/span> National Museum \u2013 Poznan, Poland <span id=\"result_box\" class=\"short_text\" lang=\"fr\">lien vers <span class=\"\">mon travail<\/span><\/span> &#8220;<a href=\"http:\/\/www.wieniawski-competition.com\/konkurs-lutniczy\/en\/galeria3d\/fraternity\/\">Fraternity<\/a>&#8221; et &#8220;<a href=\"http:\/\/www.wieniawski-competition.com\/konkurs-lutniczy\/en\/galeria3d\/liberty\/\">Liberty<\/a>&#8220;<\/p>\n<p><strong> 2 Avril 2016<\/strong> <strong><a href=\"http:\/\/alto-en-ligne.com\/\">VIOLA\u2019S 2016<\/a><\/strong> PARIS\u00a0 Association Franco-Europeenne de l\u2019Alto\u00a0 &#8211;\u00a0 International Viola Making Prize, Prix \u201cCoup de Coeur Renaud Stahl\u201d<\/p>\n<p><strong>13 Mars 2016<\/strong> <strong><a href=\"http:\/\/www.bvma.org.uk\/events.html\" target=\"_blank\" rel=\"noopener\">BVMA Maker&#8217;s day<\/a><\/strong> Royal College of Music, Prince Consort Road, London, SW7 2BS.<\/p>\n<hr \/>\n<h3 style=\"text-align: center;\">\u00a0Octobre 2015<\/h3>\n<p><strong>10-11 Octobre 2015<\/strong> <a href=\"http:\/\/www.bvma.org.uk\/anniversary.html\" target=\"_blank\" rel=\"noopener\"><strong>The British Violin Maker Association twentieth anniversary celebrations<\/strong><\/a> Newark Town Hall \u00a0 25th September- 11th October 2015 <a href=\"http:\/\/www.museodelviolino.org\/en\" target=\"_blank\" rel=\"noopener\"><strong>CREMONA Museo Del Violino- Padiglione Andrea Amati<\/strong><\/a> Exhibition of the viola registered in the XIV th Antonio Stradivari Triennale competition<\/p>\n<hr \/>\n<p style=\"text-align: left;\"><em>Maintenant entre les mains de jeunes artistes talentueux, deux de mes instruments ont \u00e9t\u00e9 r\u00e9cemment acquis par le <a href=\"http:\/\/www.bcu.ac.uk\/conservatoire\" target=\"_blank\" rel=\"noopener\">Birmingham Conservatoire.<br class=\"clear\" \/><\/a><\/em><\/p>\n<hr \/>\n<h3 style=\"text-align: center;\"><a href=\"http:\/\/violinmaking.co.uk\/\" target=\"_blank\" rel=\"noopener\">Lutherie 2015<\/a><\/h3>\n<h4><strong><em>Venez me rencontrer au Lutherie 2015!<\/em><\/strong><\/h4>\n<p><strong>Quand?<\/strong> Samedi 2 Mai <strong>Ou?<\/strong>\u00a0Barnabygate Methodist Church, Newark. NG24 1PX Le s\u00e9minaire annuel de printemps 17 pour luthiers. L&#8217;inscription est maintenant ouverte! Plus de d\u00e9tails sur ce <a href=\"http:\/\/violinmaking.co.uk\/\" target=\"_blank\" rel=\"noopener\">lien<\/a><\/p>\n<hr \/>\n<h3 style=\"text-align: center;\">Comp\u00e9tition<\/h3>\n<p>Je pr\u00e9pare actuellement pour un concours de lutherie. En ce qui concerne les r\u00e8gles appliqu\u00e9es, je posterai des photos et des commentaires &#8230; Apr\u00e8s l&#8217;\u00e9v\u00e9nement, bien s\u00fbr!<\/p>\n","protected":false},"excerpt":{"rendered":"<h2 style=\"text-align: center;\">Nouvelles et mises \u00e0 jour pour Antoine Gourdon<\/h2>\n<p>\u00a0<\/p>\n<h3 style=\"text-align: center;\"><span style=\"color: #ff9900;\">Pour 2019!&#8230;<\/span><\/h3>\n<div style=\"text-align: center;\">\n<div><strong><span style=\"color: #ff990...\n<\/p>\n","protected":false},"author":1,"featured_media":0,"parent":0,"menu_order":0,"comment_status":"closed","ping_status":"open","template":"","meta":{"footnotes":""},"class_list":["post-272","page","type-page","status-publish","hentry"],"_links":{"self":[{"href":"https:\/\/www.antoinegourdon.com\/fr_FR\/wp-json\/wp\/v2\/pages\/272","targetHints":{"allow":["GET"]}}],"collection":[{"href":"https:\/\/www.antoinegourdon.com\/fr_FR\/wp-json\/wp\/v2\/pages"}],"about":[{"href":"https:\/\/www.antoinegourdon.com\/fr_FR\/wp-json\/wp\/v2\/types\/page"}],"author":[{"embeddable":true,"href":"https:\/\/www.antoinegourdon.com\/fr_FR\/wp-json\/wp\/v2\/users\/1"}],"replies":[{"embeddable":true,"href":"https:\/\/www.antoinegourdon.com\/fr_FR\/wp-json\/wp\/v2\/comments?post=272"}],"version-history":[{"count":61,"href":"https:\/\/www.antoinegourdon.com\/fr_FR\/wp-json\/wp\/v2\/pages\/272\/revisions"}],"predecessor-version":[{"id":516,"href":"https:\/\/www.antoinegourdon.com\/fr_FR\/wp-json\/wp\/v2\/pages\/272\/revisions\/516"}],"wp:attachment":[{"href":"https:\/\/www.antoinegourdon.com\/fr_FR\/wp-json\/wp\/v2\/media?parent=272"}],"curies":[{"name":"wp","href":"https:\/\/api.w.org\/{rel}","templated":true}]}}