{"id":22,"date":"2015-01-21T17:49:01","date_gmt":"2015-01-21T17:49:01","guid":{"rendered":"http:\/\/www.antoinegourdon.com\/?page_id=22"},"modified":"2015-04-01T12:25:54","modified_gmt":"2015-04-01T11:25:54","slug":"workshop","status":"publish","type":"page","link":"https:\/\/www.antoinegourdon.com\/fr_FR\/workshop\/","title":{"rendered":"Atelier"},"content":{"rendered":"<p><strong>Mes instruments s\u2019inspirent principalement des cr\u00e9ations des grands ma\u00eetres italiens <\/strong>du XVI i\u00e8me et du XVII i\u00e8me si\u00e8cle. Les connaissances actuelles, en particulier les travaux du luthier Fran\u00e7ois Denis, me permettent d\u2019analyser l\u2019architecture de ces instruments de r\u00e9f\u00e9rence, de r\u00e9interpr\u00e9ter ces formes classiques et d\u2019exprimer ma sensibilit\u00e9.<\/p>\n<p>Condition sine qua non d\u2019un instrument de lutherie haut de gamme : la qualit\u00e9 du bois d\u2019harmonie. <strong>Chaque pi\u00e8ce de bois est s\u00e9lectionn\u00e9e par mes soins <\/strong>chez des scieurs sp\u00e9cialis\u00e9s situ\u00e9s en France, en Allemagne ou en Italie.<\/p>\n<p><strong>Les mat\u00e9riaux, les outils et les techniques utilis\u00e9s sont traditionnels<\/strong>. C\u2019est sous l\u2019orchestration du corps que se joue ensuite le d\u00e9licat \u00e9quilibre de la forme et de la fonction.<\/p>\n<p><strong>Je cuisine mon propre vernis <\/strong>\u00e0 base de r\u00e9sines, huiles et pigments naturels de premier choix. Constamment en qu\u00eate d\u2019\u00e9volution et soucieux d\u2019interagir au maximum avec le bois de chaque instrument, le processus n\u2019est jamais syst\u00e9matique. Mati\u00e8re, texture, transparence, r\u00e9fraction, couleur, tonalit\u00e9, autant de mots appos\u00e9s \u00e0 des sensations qui accompagnent cette \u00e9tape privil\u00e9gi\u00e9e de la fabrication.<\/p>\n<p>Une fois les cordes mont\u00e9es, <strong>chaque instrument est test\u00e9 par un musicien professionnel <\/strong>: c\u2019est le moment de l\u2019ajustage.<\/p>\n<p>A ce stade, l\u2019instrument n\u2019est pas termin\u00e9. C\u2019est tout le contraire : il na\u00eet. C\u2019est pourquoi je parle d\u2019un<strong> potentiel acoustique qui se d\u00e9veloppe ensuite entre les mains et la personnalit\u00e9 de chaque musicien.<\/strong><\/p>\n<p><strong>Cette rencontre entre le luthier, le musicien et l\u2019instrument qui les rassemble est unique. <\/strong>Par la suite, je reste en contact avec les personnes qui jouent mes instruments. Besoin d\u2019un r\u00e9glage, d\u2019un conseil, le tout accompagn\u00e9 d\u2019une bonne tasse de th\u00e9, je suis l\u00e0 !<\/p>\n","protected":false},"excerpt":{"rendered":"<p><strong>Mes instruments s\u2019inspirent principalement des cr\u00e9ations des grands ma\u00eetres italiens <\/strong>du XVI i\u00e8me et du XVII i\u00e8me si\u00e8cle. Les connaissances actuelles, en particulier les travaux du luthier Fran\u00e7ois Denis, me permettent d\u2019analyser l&#8230;<\/p>\n","protected":false},"author":1,"featured_media":0,"parent":0,"menu_order":0,"comment_status":"open","ping_status":"open","template":"","meta":{"footnotes":""},"class_list":["post-22","page","type-page","status-publish","hentry"],"_links":{"self":[{"href":"https:\/\/www.antoinegourdon.com\/fr_FR\/wp-json\/wp\/v2\/pages\/22","targetHints":{"allow":["GET"]}}],"collection":[{"href":"https:\/\/www.antoinegourdon.com\/fr_FR\/wp-json\/wp\/v2\/pages"}],"about":[{"href":"https:\/\/www.antoinegourdon.com\/fr_FR\/wp-json\/wp\/v2\/types\/page"}],"author":[{"embeddable":true,"href":"https:\/\/www.antoinegourdon.com\/fr_FR\/wp-json\/wp\/v2\/users\/1"}],"replies":[{"embeddable":true,"href":"https:\/\/www.antoinegourdon.com\/fr_FR\/wp-json\/wp\/v2\/comments?post=22"}],"version-history":[{"count":15,"href":"https:\/\/www.antoinegourdon.com\/fr_FR\/wp-json\/wp\/v2\/pages\/22\/revisions"}],"predecessor-version":[{"id":343,"href":"https:\/\/www.antoinegourdon.com\/fr_FR\/wp-json\/wp\/v2\/pages\/22\/revisions\/343"}],"wp:attachment":[{"href":"https:\/\/www.antoinegourdon.com\/fr_FR\/wp-json\/wp\/v2\/media?parent=22"}],"curies":[{"name":"wp","href":"https:\/\/api.w.org\/{rel}","templated":true}]}}