{"id":18,"date":"2015-01-21T17:48:40","date_gmt":"2015-01-21T17:48:40","guid":{"rendered":"http:\/\/www.antoinegourdon.com\/?page_id=18"},"modified":"2016-09-22T20:25:17","modified_gmt":"2016-09-22T19:25:17","slug":"about","status":"publish","type":"page","link":"https:\/\/www.antoinegourdon.com\/fr_FR\/about\/","title":{"rendered":"Parcours"},"content":{"rendered":"\r\n\r\n\r\n            <div class=\"orbit-default\r\n         default-thumbs                 text-overlayed                                 resp             \">\r\n            <div id=\"featured1\"> \r\n                                     \r\n                    <div id='satl-custom-115' class='sorbit-wide absoluteCenter' \r\n                    data-caption='#custom1-0'\r\n                    data-thumb='https:\/\/www.antoinegourdon.com\/wp-content\/uploads\/slideshow-satellite\/viola1-thumb.jpg'>\n  <a class=\"sorbit-link thickbox\" href=\"https:\/\/www.antoinegourdon.com\/wp-content\/uploads\/slideshow-satellite\/viola1.jpg\" rel=\"\" title=\"viola\">\n<img decoding=\"async\" class=\"absoluteCenter noStretch\"\n  src=\"https:\/\/www.antoinegourdon.com\/wp-content\/uploads\/slideshow-satellite\/viola1.jpg\" \n  alt=\"viola\" \/>\n<\/a>\r\n                <\/div>\r\n                                    <span class=\"sattext-none\" id='custom1-0'>\r\n                        <\/span>\r\n                     \r\n                    <div id='satl-custom-110' class='sorbit-wide absoluteCenter' \r\n                    data-caption='#custom1-1'\r\n                    data-thumb='https:\/\/www.antoinegourdon.com\/wp-content\/uploads\/slideshow-satellite\/about5-thumb.jpg'>\n  <a class=\"sorbit-link thickbox\" href=\"https:\/\/www.antoinegourdon.com\/wp-content\/uploads\/slideshow-satellite\/about5.jpg\" rel=\"\" title=\"Viola\">\n<img decoding=\"async\" class=\"absoluteCenter noStretch\"\n  src=\"https:\/\/www.antoinegourdon.com\/wp-content\/uploads\/slideshow-satellite\/about5.jpg\" \n  alt=\"Viola\" \/>\n<\/a>\r\n                <\/div>\r\n                                    <span class=\"sattext-none\" id='custom1-1'>\r\n                        <\/span>\r\n                     \r\n                    <div id='satl-custom-112' class='sorbit-wide absoluteCenter' \r\n                    data-caption='#custom1-2'\r\n                    data-thumb='https:\/\/www.antoinegourdon.com\/wp-content\/uploads\/slideshow-satellite\/about3-thumb.jpg'>\n  <a class=\"sorbit-link thickbox\" href=\"https:\/\/www.antoinegourdon.com\/wp-content\/uploads\/slideshow-satellite\/about3.jpg\" rel=\"\" title=\"Guitar\">\n<img decoding=\"async\" class=\"absoluteCenter noStretch\"\n  src=\"https:\/\/www.antoinegourdon.com\/wp-content\/uploads\/slideshow-satellite\/about3.jpg\" \n  alt=\"Guitar\" \/>\n<\/a>\r\n                <\/div>\r\n                                    <span class=\"orbit-caption     thumb-on\" id='custom1-2'>\n    \n    <h5 class=\"orbit-title0 size-1\">Guitar<\/h5>\n    <p class=\"size-1\"> <\/p>\n<\/span>  \n\r\n                         \r\n                    <div id='satl-custom-17' class='sorbit-wide absoluteCenter' \r\n                    data-caption='#custom1-3'\r\n                    data-thumb='https:\/\/www.antoinegourdon.com\/wp-content\/uploads\/slideshow-satellite\/about2-thumb.jpg'>\n  <a class=\"sorbit-link thickbox\" href=\"https:\/\/www.antoinegourdon.com\/wp-content\/uploads\/slideshow-satellite\/about2.jpg\" rel=\"\" title=\"Marquetry\">\n<img decoding=\"async\" class=\"absoluteCenter noStretch\"\n  src=\"https:\/\/www.antoinegourdon.com\/wp-content\/uploads\/slideshow-satellite\/about2.jpg\" \n  alt=\"Marquetry\" \/>\n<\/a>\r\n                <\/div>\r\n                                    <span class=\"sattext-none\" id='custom1-3'>\r\n                        <\/span>\r\n                     \r\n                    <div id='satl-custom-16' class='sorbit-wide absoluteCenter' \r\n                    data-caption='#custom1-4'\r\n                    data-thumb='https:\/\/www.antoinegourdon.com\/wp-content\/uploads\/slideshow-satellite\/about1-thumb.jpg'>\n  <a class=\"sorbit-link thickbox\" href=\"https:\/\/www.antoinegourdon.com\/wp-content\/uploads\/slideshow-satellite\/about1.jpg\" rel=\"\" title=\"Art Diploma\">\n<img decoding=\"async\" class=\"absoluteCenter noStretch\"\n  src=\"https:\/\/www.antoinegourdon.com\/wp-content\/uploads\/slideshow-satellite\/about1.jpg\" \n  alt=\"Art Diploma\" \/>\n<\/a>\r\n                <\/div>\r\n                                    <span class=\"orbit-caption     thumb-on\" id='custom1-4'>\n    \n    <h5 class=\"orbit-title0 size-1\">Art Diploma<\/h5>\n    <p class=\"size-1\"> <\/p>\n<\/span>  \n\r\n                            <\/div>\r\n\r\n        <\/div>\r\n            <script type=\"text\/javascript\">\n        jQuery(document).ready(function($) {\n            $('#featured1').satlorbit({\n                animation: 'horizontal-push',  \/\/ fade, horizontal-slide, vertical-slide, horizontal-push\n                animationSpeed: 700,  \/\/ how fast animations are\n                timer: true,  \/\/ true or false to have the timer\n                advanceSpeed: 5000, \t\t \/\/ if timer is enabled, time between transitions \n                pauseOnHover: false, \t\t \/\/ if you hover pauses the slider\n                startClockOnMouseOut: true, \t \/\/ if clock should start on MouseOut\n                startClockOnMouseOutAfter: 1000, \t \/\/ how long after MouseOut should the timer start again\n                directionalNav: true, \t\t \/\/ manual advancing directional navs\n                captions: false,\t \/\/ do you want captions?\n                captionAnimation: 'slideOpen', \/\/ fade, slideOpen, none\n                captionHover: true, \/\/ true means only show caption on mousehover\n                captionAnimationSpeed: 800, \t \/\/ if so how quickly should they animate in\n                bullets: true,\t\/\/ true or false to activate the bullet navigation\n                bulletThumbs: true,\t\t \/\/ thumbnails for the bullets\n                bulletThumbLocation: '',\t \/\/ location from this file where thumbs will be\n                afterSlideChange: function(){},    \/\/ empty function \n                centerBullets: true,\n                navOpacity: 0.3,\n                sideThumbs: false,\n                preloader: 1,\n                thumbWidth: 85,\n                respExtra: 30, \/\/ the width beyond the slide image\n                alwaysPlayBtn: false            });\n        });\n        jQuery('.orbit-thumbnails').ready(function ($) {\n          if ($('.orbit-thumbnails').width() < $('.thumbholder').width()) {\n            $('.orbit-thumbnails').css('margin', '0 auto');\n          }\n        });\n\n                jQuery(window).resize(function($) {\n            jQuery('#featured1').satlresponse({\n                respExtra: 0, \/\/ the width beyond the slide image\n                sideThumbs: false            });\n        });\n              \n            <\/script>    \n<p>Le parcours qui m\u00e8ne Antoine \u00e0 la lutherie est <strong>un voyage dans les arts et m\u00e9tiers<\/strong>, dans la mati\u00e8re et\u00a0 ses applications vari\u00e9es. <strong>Musique!<\/strong><\/p>\n<p>Antoine se passionne tr\u00e8s t\u00f4t pour les instruments de musique et le travail du bois. La pratique de la guitare depuis l\u2019\u00e2ge de 11 ans lui permet de d\u00e9velopper une ou\u00cfe et de se familiariser avec les besoins des musiciens.<\/p>\n<p>Apr\u00e8s des \u00e9tudes g\u00e9n\u00e9rales, Antoine se dirige vers une formation solide et sensible dans les m\u00e9tiers du bois. De l&#8217;\u00e9b\u00e9nisterie traditionnelle \u00e0 la cr\u00e9ation de mobilier contemporain, il est <strong>dipl\u00f4m\u00e9 des m\u00e9tiers<\/strong> <strong>d&#8217;art<\/strong> \u00e0 Revel (France) en 2005 <strong>avec les f\u00e9licitations du jury<\/strong>. De nombreuses exp\u00e9riences professionnelles jalonnent ce parcours.<\/p>\n<p>Antoine int\u00e8gre ensuite l&#8217;\u00e9cole internationale de lutherie de Newark (Royaume-Uni) o\u00f9 il \u00e9tudie la <strong>facture instrumentale guitare puis celle des instruments du quatuor<\/strong>. Il compl\u00e8te sa formation en travaillant en parall\u00e8le pour l&#8217;atelier de lutherie The Workshop\u00a0\u00e0 Cambridge.<\/p>\n<p>Le jour de son dipl\u00f4me en juin 2009, ses instruments <strong>sont distingu\u00e9s par l&#8217;Allegri Quartet<\/strong>, ce qui lui vaut une mention dans <a href=\"http:\/\/www.antoinegourdon.com\/wp-content\/uploads\/2015\/02\/StradPage.jpg\" target=\"_blank\">le Strad Magazine<\/a> (Octobre 2009).<\/p>\n<blockquote><p>&#8221; &#8230; \u00a0j\u2019ai \u00e9t\u00e9 frapp\u00e9 par son charme &#8220;\u00e0\u00a0la Stradivarius&#8221;. Sa sonorit\u00e9\u00a0chaude et brillante\u00a0\u00e9tait incomparable au regard des autres instruments entendus ce jour ou lors des visites pr\u00e9c\u00e9dentes. &#8221; <a href=\"http:\/\/www.antoinegourdon.com\/wp-content\/uploads\/2015\/02\/StradPage.jpg\" target=\"_blank\">(lien)<\/a><\/p><\/blockquote>\n<p>Une ann\u00e9e plus tard, l\u2019\u00e9cole internationale de lutherie de Newark lui propose de se joindre \u00e0 son \u00e9quipe d\u2019enseignants. Il dirige \u00e0 pr\u00e9sent l\u2019ann\u00e9e de Fondation et enseigne aux Premiere Ann\u00e9e une journ\u00e9e et demie par semaine.<\/p>\n<p>En Avril 2016, Antoine remporte le Prix International \u00ab\u00a0Coup de c\u0153ur Renaud Stahl\u00a0\u00bb lors de la comp\u00e9tition de lutherie Alto \u00ab\u00a0<a href=\"http:\/\/alto-en-ligne.com\/\">Viola\u2019s 2016<\/a>\u00a0\u00bb \u00e0 Paris. Renaud Stahl est l\u2019altiste soliste de <a href=\"http:\/\/www.orchestre-ile.com\">l\u2019Orchestre National d\u2019Ile-de-France<\/a>.<\/p>\n<p>Antoine \u00e9change r\u00e9guli\u00e8rement avec ses coll\u00e8gues dans une \u00e9thique de partager pour mieux comprendre. Leitmotiv\u00a0de son travail, <strong>il d\u00e9veloppe sa lutherie aupr\u00e8s de musiciens professionnels<\/strong>. Il est membre de la <a href=\"http:\/\/www.bvma.org.uk\" target=\"_blank\">British Violin Making Association<\/a>.<\/p>\n<p>A pr\u00e9sent, <strong>Antoine se consacre pleinement \u00e0 la fabrication des instruments du quatuor.<\/strong><\/p>\n<p><a class=\"button-small\" href=\"http:\/\/www.antoinegourdon.com\/wp-content\/uploads\/2015\/04\/Antoine_Gourdon_CV-Fran\u00e7ais.pdf\" target=\"_blank\">voir mon CV<\/a><\/p>\n","protected":false},"excerpt":{"rendered":"[satellite gallery=1 auto=on caption=off thumbs=on]\n<p>Le parcours qui m\u00e8ne Antoine \u00e0 la lutherie est <strong>un voyage dans les arts et m\u00e9tiers<\/strong>, dans la mati\u00e8re et\u00a0 ses applications vari\u00e9es. <strong>Musique!<\/strong><\/p>\n<p>Antoine se passionne&#8230;<\/p>\n","protected":false},"author":1,"featured_media":260,"parent":0,"menu_order":0,"comment_status":"closed","ping_status":"closed","template":"template-featured.php","meta":{"footnotes":""},"class_list":["post-18","page","type-page","status-publish","has-post-thumbnail","hentry"],"_links":{"self":[{"href":"https:\/\/www.antoinegourdon.com\/fr_FR\/wp-json\/wp\/v2\/pages\/18","targetHints":{"allow":["GET"]}}],"collection":[{"href":"https:\/\/www.antoinegourdon.com\/fr_FR\/wp-json\/wp\/v2\/pages"}],"about":[{"href":"https:\/\/www.antoinegourdon.com\/fr_FR\/wp-json\/wp\/v2\/types\/page"}],"author":[{"embeddable":true,"href":"https:\/\/www.antoinegourdon.com\/fr_FR\/wp-json\/wp\/v2\/users\/1"}],"replies":[{"embeddable":true,"href":"https:\/\/www.antoinegourdon.com\/fr_FR\/wp-json\/wp\/v2\/comments?post=18"}],"version-history":[{"count":82,"href":"https:\/\/www.antoinegourdon.com\/fr_FR\/wp-json\/wp\/v2\/pages\/18\/revisions"}],"predecessor-version":[{"id":462,"href":"https:\/\/www.antoinegourdon.com\/fr_FR\/wp-json\/wp\/v2\/pages\/18\/revisions\/462"}],"wp:featuredmedia":[{"embeddable":true,"href":"https:\/\/www.antoinegourdon.com\/fr_FR\/wp-json\/wp\/v2\/media\/260"}],"wp:attachment":[{"href":"https:\/\/www.antoinegourdon.com\/fr_FR\/wp-json\/wp\/v2\/media?parent=18"}],"curies":[{"name":"wp","href":"https:\/\/api.w.org\/{rel}","templated":true}]}}